{"id":798,"date":"2025-03-06T18:12:41","date_gmt":"2025-03-06T18:12:41","guid":{"rendered":"https:\/\/budapestflyride.com\/?page_id=798"},"modified":"2025-03-24T22:21:21","modified_gmt":"2025-03-24T22:21:21","slug":"about","status":"publish","type":"page","link":"https:\/\/budapestflyride.com\/hu\/about\/","title":{"rendered":"R\u00f3lunk"},"content":{"rendered":"<p>[et_pb_section fb_built=&#8221;1&#8243; _builder_version=&#8221;4.27.4&#8243; _module_preset=&#8221;default&#8221; use_background_color_gradient=&#8221;on&#8221; background_color_gradient_stops=&#8221;rgba(43,135,218,0.82) 0%|rgba(41,196,169,0.68) 100%&#8221; background_color_gradient_overlays_image=&#8221;on&#8221; background_image=&#8221;http:\/\/budapestflyride.com\/wp-content\/uploads\/2025\/02\/DJI_0859-Edit-Edit-Nagy.jpg&#8221; background_position=&#8221;bottom_left&#8221; min_height=&#8221;1000px&#8221; custom_padding=&#8221;131px|||||&#8221; bottom_divider_color=&#8221;#f4f4f4&#8243; bottom_divider_height=&#8221;135px&#8221; hover_enabled=&#8221;0&#8243; global_colors_info=&#8221;{}&#8221; custom_padding_last_edited=&#8221;on|phone&#8221; custom_padding_phone=&#8221;40px||2px||false|false&#8221; sticky_enabled=&#8221;0&#8243; custom_padding_tablet=&#8221;131px|||||&#8221;][et_pb_row use_custom_gutter=&#8221;on&#8221; make_equal=&#8221;on&#8221; _builder_version=&#8221;4.27.4&#8243; _module_preset=&#8221;default&#8221; background_enable_color=&#8221;off&#8221; width=&#8221;90%&#8221; max_width=&#8221;1230px&#8221; custom_padding=&#8221;||0px|||&#8221; global_colors_info=&#8221;{}&#8221;][et_pb_column type=&#8221;4_4&#8243; _builder_version=&#8221;4.27.4&#8243; _module_preset=&#8221;default&#8221; global_colors_info=&#8221;{}&#8221;][et_pb_text _builder_version=&#8221;4.27.4&#8243; _module_preset=&#8221;default&#8221; text_font=&#8221;|800|||||||&#8221; text_text_color=&#8221;#FFFFFF&#8221; text_font_size=&#8221;100px&#8221; text_orientation=&#8221;center&#8221; animation_style=&#8221;slide&#8221; animation_direction=&#8221;bottom&#8221; animation_duration=&#8221;1200ms&#8221; animation_delay=&#8221;350ms&#8221; text_font_size_tablet=&#8221;100px&#8221; text_font_size_phone=&#8221;62px&#8221; text_font_size_last_edited=&#8221;on|phone&#8221; global_colors_info=&#8221;{}&#8221; text_font_size__hover_enabled=&#8221;on|desktop&#8221; text_font_size__hover=&#8221;100px&#8221;]<\/p>\n<p>R\u00f3lunk<\/p>\n<p>[\/et_pb_text][et_pb_divider color=&#8221;#00BDF2&#8243; divider_weight=&#8221;8px&#8221; _builder_version=&#8221;4.27.4&#8243; _module_preset=&#8221;default&#8221; width=&#8221;20%&#8221; module_alignment=&#8221;center&#8221; custom_margin=&#8221;55px||0px||false|false&#8221; custom_padding=&#8221;0px||0px||false|false&#8221; animation_style=&#8221;zoom&#8221; animation_duration=&#8221;1100ms&#8221; animation_delay=&#8221;500ms&#8221; global_colors_info=&#8221;{}&#8221;][\/et_pb_divider][\/et_pb_column][\/et_pb_row][et_pb_row make_equal=&#8221;on&#8221; _builder_version=&#8221;4.27.4&#8243; _module_preset=&#8221;default&#8221; background_enable_color=&#8221;off&#8221; width=&#8221;56%&#8221; max_width=&#8221;1230px&#8221; min_height=&#8221;88.6px&#8221; custom_margin=&#8221;|auto|13px|auto||&#8221; custom_padding=&#8221;6px||0px|||&#8221; hover_enabled=&#8221;0&#8243; global_colors_info=&#8221;{}&#8221; width_last_edited=&#8221;on|phone&#8221; width_phone=&#8221;85%&#8221; sticky_enabled=&#8221;0&#8243; width_tablet=&#8221;56%&#8221;][et_pb_column type=&#8221;4_4&#8243; _builder_version=&#8221;4.27.4&#8243; _module_preset=&#8221;default&#8221; global_colors_info=&#8221;{}&#8221;][et_pb_text _builder_version=&#8221;4.27.4&#8243; _module_preset=&#8221;default&#8221; text_font=&#8221;&#8211;et_global_heading_font|700|||||||&#8221; text_text_color=&#8221;#FFFFFF&#8221; text_font_size=&#8221;40px&#8221; header_font=&#8221;&#8211;et_global_heading_font|&#8211;et_global_heading_font_weight|||||||&#8221; header_text_align=&#8221;center&#8221; text_orientation=&#8221;center&#8221; hover_enabled=&#8221;0&#8243; global_colors_info=&#8221;{}&#8221; sticky_enabled=&#8221;0&#8243; animation_style=&#8221;fade&#8221; animation_delay=&#8221;400ms&#8221;]<\/p>\n<p>T\u00f6rt\u00e9net\u00fcnk<\/p>\n<p>[\/et_pb_text][et_pb_text _builder_version=&#8221;4.27.4&#8243; _module_preset=&#8221;default&#8221; text_text_color=&#8221;#FFFFFF&#8221; text_font_size=&#8221;18px&#8221; custom_padding=&#8221;||12px|||&#8221; animation_style=&#8221;slide&#8221; animation_direction=&#8221;top&#8221; animation_delay=&#8221;750ms&#8221; animation_intensity_slide=&#8221;20%&#8221; hover_enabled=&#8221;0&#8243; global_colors_info=&#8221;{}&#8221; sticky_enabled=&#8221;0&#8243;]<\/p>\n<p style=\"text-align: center;\"><strong>Fly-Coop Kft.<\/strong> 1997 \u00f3ta m\u0171k\u00f6dik, mint a professzion\u00e1lis l\u00e9gi szolg\u00e1ltat\u00e1sok teljes palett\u00e1j\u00e1t fel\u00f6lel\u0151 v\u00e1llalkoz\u00e1s. \nC\u00e9g\u00fcnk kezdetben mez\u0151gazdas\u00e1gi rep\u00fcl\u00e9ssel, permetez\u00e9ssel, m\u0171tr\u00e1gy\u00e1z\u00e1ssal \u00e9s sz\u00fanyogirt\u00e1ssal foglalkozott, saj\u00e1t tulajdon\u00fa Kamov Ka-26-os helikoptereinkkel. \nAz \u00e9vek sor\u00e1n tev\u00e9kenys\u00e9gi k\u00f6r\u00fcnk folyamatosan b\u0151v\u00fclt, \u00e9s ma m\u00e1r sz\u00e1mos l\u00e9gi szolg\u00e1ltat\u00e1st ny\u00fajtunk \u00fcgyfeleink sz\u00e1m\u00e1ra.<\/p>\n<p>[\/et_pb_text][\/et_pb_column][\/et_pb_row][et_pb_row _builder_version=&#8221;4.27.4&#8243; _module_preset=&#8221;default&#8221; module_alignment=&#8221;center&#8221; hover_enabled=&#8221;0&#8243; global_colors_info=&#8221;{}&#8221; width_last_edited=&#8221;on|phone&#8221; width_phone=&#8221;90%&#8221; sticky_enabled=&#8221;0&#8243;][et_pb_column type=&#8221;4_4&#8243; _builder_version=&#8221;4.27.4&#8243; _module_preset=&#8221;default&#8221; global_colors_info=&#8221;{}&#8221;][et_pb_text _builder_version=&#8221;4.27.4&#8243; _module_preset=&#8221;default&#8221; text_font=&#8221;&#8211;et_global_heading_font|700|||||||&#8221; text_text_color=&#8221;#FFFFFF&#8221; text_font_size=&#8221;40px&#8221; header_font=&#8221;&#8211;et_global_heading_font|&#8211;et_global_heading_font_weight|||||||&#8221; header_text_align=&#8221;center&#8221; text_orientation=&#8221;center&#8221; custom_padding=&#8221;20px||20px||false|false&#8221; hover_enabled=&#8221;0&#8243; global_colors_info=&#8221;{}&#8221; animation_style=&#8221;fade&#8221; animation_delay=&#8221;700ms&#8221; sticky_enabled=&#8221;0&#8243;]<\/p>\n<p>Szolg\u00e1ltat\u00e1saink<\/p>\n<p>[\/et_pb_text][dsm_faq dsm_open_font_icon=&#8221;&#x41;||divi||400&#8243; dsm_close_font_icon=&#8221;&#x3e;||divi||400&#8243; _builder_version=&#8221;4.27.4&#8243; _module_preset=&#8221;default&#8221; content_font_size=&#8221;18px&#8221; width=&#8221;80%&#8221; max_width=&#8221;100%&#8221; module_alignment=&#8221;center&#8221; custom_margin=&#8221;0px|0px|0px|0px|false|false&#8221; custom_padding=&#8221;0px|0px|0px|0px|false|false&#8221; hover_enabled=&#8221;0&#8243; global_colors_info=&#8221;{}&#8221; max_width_last_edited=&#8221;on|desktop&#8221; sticky_enabled=&#8221;0&#8243; width_last_edited=&#8221;on|phone&#8221; header_text_color=&#8221;#00BDF2&#8243; header_level=&#8221;h1&#8243; header_font_size=&#8221;15px&#8221; dsm_animate_icon=&#8221;on&#8221; border_color_all_dsm_toggle_open_border=&#8221;#00BDF2&#8243; border_width_all_dsm_toggle_open_border=&#8221;2px&#8221; box_shadow_style_toggle_open_state_shadow=&#8221;preset1&#8243; dsm_content_margin=&#8221;20px||||false|false&#8221; content_text_color=&#8221;#00BDF2&#8243; max_width_tablet=&#8221;100%&#8221; max_width_phone=&#8221;100%&#8221; width_tablet=&#8221;80%&#8221; width_phone=&#8221;80%&#8221;][dsm_faq_child dsm_title=&#8221;Scenic Flights&#8221; dsm_content=&#8221;<\/p>\n<p>Felejthetetlen \u00e9lm\u00e9nyeket k\u00edn\u00e1lunk azok sz\u00e1m\u00e1ra, akik mad\u00e1rt\u00e1vlatb\u00f3l szeretn\u00e9k megcsod\u00e1lni Magyarorsz\u00e1g legszebb t\u00e1jait.<\/p>\n<p>&#8221; dsm_child_open_font_icon=&#8221;&#x3e;||divi||400&#8243; dsm_child_close_font_icon=&#8221;&#x41;||divi||400&#8243; dsm_open_icon_color=&#8221;#00BDF2&#8243; dsm_close_icon_color=&#8221;#00BDF2&#8243; dsm_content_padding=&#8221;0px||||false|false&#8221; _builder_version=&#8221;4.27.4&#8243; _module_preset=&#8221;default&#8221; header_item_text_color=&#8221;#000000&#8243; header_item_font_size=&#8221;22px&#8221; header_item_letter_spacing=&#8221;0px&#8221; width=&#8221;100%&#8221; max_width=&#8221;100%&#8221; module_alignment=&#8221;center&#8221; hover_enabled=&#8221;0&#8243; border_radii=&#8221;on|30px|30px|30px|30px&#8221; global_colors_info=&#8221;{}&#8221; parentOrderClass=&#8221;dsm_faq_0&#8243; sticky_enabled=&#8221;0&#8243;][\/dsm_faq_child][dsm_faq_child dsm_title=&#8221;Air Taxi Services&#8221; dsm_content=&#8221;<\/p>\n<p>Gyors \u00e9s k\u00e9nyelmes utaz\u00e1st biztos\u00edtunk belf\u00f6ldi \u00e9s nemzetk\u00f6zi desztin\u00e1ci\u00f3k k\u00f6z\u00f6tt.<\/p>\n<p>&#8221; dsm_child_open_font_icon=&#8221;&#x3e;||divi||400&#8243; dsm_child_close_font_icon=&#8221;&#x41;||divi||400&#8243; dsm_open_icon_color=&#8221;#00BDF2&#8243; dsm_close_icon_color=&#8221;#00BDF2&#8243; dsm_content_padding=&#8221;20px||||false|false&#8221; _builder_version=&#8221;4.27.4&#8243; _module_preset=&#8221;default&#8221; header_item_text_color=&#8221;#000000&#8243; header_item_font_size=&#8221;22px&#8221; header_item_letter_spacing=&#8221;0px&#8221; max_width=&#8221;100%&#8221; module_alignment=&#8221;center&#8221; hover_enabled=&#8221;0&#8243; border_radii=&#8221;on|30px|30px|30px|30px&#8221; global_colors_info=&#8221;{}&#8221; parentOrderClass=&#8221;dsm_faq_0&#8243; sticky_enabled=&#8221;0&#8243;][\/dsm_faq_child][dsm_faq_child dsm_title=&#8221;Aerial Photography &#038; Videography &#8221; dsm_content=&#8221;<\/p>\n<p>Professzion\u00e1lis l\u00e9gi felv\u00e9telek k\u00e9sz\u00edt\u00e9s\u00e9t v\u00e1llaljuk k\u00fcl\u00f6nb\u00f6z\u0151 projektekhez.<\/p>\n<p>&#8221; dsm_child_open_font_icon=&#8221;&#x3e;||divi||400&#8243; dsm_child_close_font_icon=&#8221;&#x41;||divi||400&#8243; dsm_open_icon_color=&#8221;#00BDF2&#8243; dsm_close_icon_color=&#8221;#00BDF2&#8243; dsm_content_padding=&#8221;20px||||false|false&#8221; _builder_version=&#8221;4.27.4&#8243; _module_preset=&#8221;default&#8221; header_item_text_color=&#8221;#000000&#8243; header_item_font_size=&#8221;22px&#8221; header_item_letter_spacing=&#8221;0px&#8221; max_width=&#8221;100%&#8221; module_alignment=&#8221;center&#8221; border_radii=&#8221;on|30px|30px|30px|30px&#8221; global_colors_info=&#8221;{}&#8221; parentOrderClass=&#8221;dsm_faq_0&#8243;][\/dsm_faq_child][dsm_faq_child dsm_title=&#8221;Agricultural Aviation&#8221; dsm_content=&#8221;<\/p>\n<p>Permetez\u00e9s, m\u0171tr\u00e1gy\u00e1z\u00e1s \u00e9s egy\u00e9b agr\u00e1rszolg\u00e1ltat\u00e1sok helikopterekkel.<\/p>\n<p>&#8221; dsm_child_open_font_icon=&#8221;&#x3e;||divi||400&#8243; dsm_child_close_font_icon=&#8221;&#x41;||divi||400&#8243; dsm_open_icon_color=&#8221;#00BDF2&#8243; dsm_close_icon_color=&#8221;#00BDF2&#8243; dsm_content_padding=&#8221;20px||||false|false&#8221; _builder_version=&#8221;4.27.4&#8243; _module_preset=&#8221;default&#8221; header_item_text_color=&#8221;#000000&#8243; header_item_font_size=&#8221;22px&#8221; header_item_letter_spacing=&#8221;0px&#8221; max_width=&#8221;100%&#8221; module_alignment=&#8221;center&#8221; border_radii=&#8221;on|30px|30px|30px|30px&#8221; global_colors_info=&#8221;{}&#8221; parentOrderClass=&#8221;dsm_faq_0&#8243;][\/dsm_faq_child][dsm_faq_child dsm_title=&#8221;Pilot Training&#8221; dsm_content=&#8221;<\/p>\n<p>Rep\u00fcl\u0151g\u00e9p \u00e9s helikopter pil\u00f3tak\u00e9pz\u00e9st ny\u00fajtunk PPL, CPL, NVFR, IFR, FI, ME\/MEIR szinteken.<\/p>\n<p>&#8221; dsm_child_open_font_icon=&#8221;&#x3e;||divi||400&#8243; dsm_child_close_font_icon=&#8221;&#x41;||divi||400&#8243; dsm_open_icon_color=&#8221;#00BDF2&#8243; dsm_close_icon_color=&#8221;#00BDF2&#8243; dsm_content_padding=&#8221;20px||||false|false&#8221; _builder_version=&#8221;4.27.4&#8243; _module_preset=&#8221;default&#8221; header_item_text_color=&#8221;#000000&#8243; header_item_font_size=&#8221;22px&#8221; header_item_letter_spacing=&#8221;0px&#8221; max_width=&#8221;100%&#8221; module_alignment=&#8221;center&#8221; border_radii=&#8221;on|30px|30px|30px|30px&#8221; global_colors_info=&#8221;{}&#8221; parentOrderClass=&#8221;dsm_faq_0&#8243;][\/dsm_faq_child][dsm_faq_child dsm_title=&#8221;Air Ambulance &#038; Medical Transport&#8221; dsm_content=&#8221;<\/p>\n<p>Donorszervek \u00e9s orvosok sz\u00e1ll\u00edt\u00e1s\u00e1t v\u00e9gezz\u00fck az Orsz\u00e1gos V\u00e9rell\u00e1t\u00f3 Szolg\u00e1lat sz\u00e1m\u00e1ra.<\/p>\n<p>&#8221; dsm_child_open_font_icon=&#8221;&#x3e;||divi||400&#8243; dsm_child_close_font_icon=&#8221;&#x41;||divi||400&#8243; dsm_open_icon_color=&#8221;#00BDF2&#8243; dsm_close_icon_color=&#8221;#00BDF2&#8243; dsm_content_padding=&#8221;20px||||false|false&#8221; _builder_version=&#8221;4.27.4&#8243; _module_preset=&#8221;default&#8221; header_item_text_color=&#8221;#000000&#8243; header_item_font_size=&#8221;22px&#8221; header_item_letter_spacing=&#8221;0px&#8221; max_width=&#8221;100%&#8221; module_alignment=&#8221;center&#8221; border_radii=&#8221;on|30px|30px|30px|30px&#8221; global_colors_info=&#8221;{}&#8221; parentOrderClass=&#8221;dsm_faq_0&#8243;][\/dsm_faq_child][dsm_faq_child dsm_title=&#8221;Aircraft &#038; Helicopter Maintenance&#8221; dsm_content=&#8221;<\/p>\n<p>PART-145 enged\u00e9llyel rendelkez\u00fcnk, \u00edgy biztos\u00edtva a legmagasabb szint\u0171 m\u0171szaki szolg\u00e1ltat\u00e1sokat.<\/p>\n<p>&#8221; dsm_child_open_font_icon=&#8221;&#x3e;||divi||400&#8243; dsm_child_close_font_icon=&#8221;&#x41;||divi||400&#8243; dsm_open_icon_color=&#8221;#00BDF2&#8243; dsm_close_icon_color=&#8221;#00BDF2&#8243; dsm_content_padding=&#8221;20px||||false|false&#8221; _builder_version=&#8221;4.27.4&#8243; _module_preset=&#8221;default&#8221; header_item_text_color=&#8221;#000000&#8243; header_item_font_size=&#8221;22px&#8221; header_item_letter_spacing=&#8221;0px&#8221; max_width=&#8221;100%&#8221; module_alignment=&#8221;center&#8221; border_radii=&#8221;on|30px|30px|30px|30px&#8221; global_colors_info=&#8221;{}&#8221; parentOrderClass=&#8221;dsm_faq_0&#8243;][\/dsm_faq_child][\/dsm_faq][\/et_pb_column][\/et_pb_row][et_pb_row use_custom_gutter=&#8221;on&#8221; gutter_width=&#8221;2&#8243; make_equal=&#8221;on&#8221; _builder_version=&#8221;4.27.4&#8243; _module_preset=&#8221;default&#8221; background_enable_color=&#8221;off&#8221; width=&#8221;53%&#8221; max_width=&#8221;1230px&#8221; custom_padding=&#8221;6px|||||&#8221; hover_enabled=&#8221;0&#8243; global_colors_info=&#8221;{}&#8221; width_last_edited=&#8221;on|phone&#8221; width_phone=&#8221;85%&#8221; sticky_enabled=&#8221;0&#8243; width_tablet=&#8221;53%&#8221;][et_pb_column type=&#8221;4_4&#8243; _builder_version=&#8221;4.27.4&#8243; _module_preset=&#8221;default&#8221; global_colors_info=&#8221;{}&#8221;][et_pb_text _builder_version=&#8221;4.27.4&#8243; _module_preset=&#8221;default&#8221; text_text_color=&#8221;#FFFFFF&#8221; text_font_size=&#8221;20px&#8221; animation_style=&#8221;slide&#8221; animation_direction=&#8221;bottom&#8221; global_colors_info=&#8221;{}&#8221;]<\/p>\n<p style=\"text-align: center;\">Korszer\u0171 g\u00e9pparkunk \u00e9s magasan k\u00e9pzett pil\u00f3t\u00e1ink garant\u00e1lj\u00e1k a biztons\u00e1got \u00e9s a min\u0151s\u00e9get minden szolg\u00e1ltat\u00e1sunkban. Sz\u00e9khely\u00fcnk a Buda\u00f6rsi rep\u00fcl\u0151t\u00e9ren tal\u00e1lhat\u00f3, ahonnan sz\u00e1mos l\u00e9gi szolg\u00e1ltat\u00e1st ny\u00fajtunk \u00fcgyfeleink sz\u00e1m\u00e1ra. \nC\u00e9lunk, hogy \u00fcgyfeleink ig\u00e9nyeit maxim\u00e1lisan kiel\u00e9g\u00edts\u00fck, legyen sz\u00f3 s\u00e9tarep\u00fcl\u00e9sr\u0151l, \u00fczleti utaz\u00e1sr\u00f3l vagy speci\u00e1lis l\u00e9gi feladatokr\u00f3l.<\/p>\n<p>[\/et_pb_text][et_pb_text _builder_version=&#8221;4.27.4&#8243; _module_preset=&#8221;default&#8221; text_text_color=&#8221;#FFFFFF&#8221; custom_padding=&#8221;20px||||false|false&#8221; animation_style=&#8221;slide&#8221; animation_direction=&#8221;bottom&#8221; hover_enabled=&#8221;0&#8243; global_colors_info=&#8221;{}&#8221; header_6_font_size_last_edited=&#8221;on|phone&#8221; header_6_font_size_phone=&#8221;18px&#8221; sticky_enabled=&#8221;0&#8243;]<\/p>\n<h5 style=\"text-align: center;\"><span style=\"color: #ffffff;\"><strong>Fly-Coop Kft.<\/strong><\/span><\/h5>\n<h6 style=\"text-align: center;\"><span style=\"color: #ffffff;\"><strong><br \/>A rep\u00fcl\u00e9s szabads\u00e1ga<\/strong><\/span><\/h6>\n<p>[\/et_pb_text][dsm_icon_list _builder_version=&#8221;4.27.4&#8243; _module_preset=&#8221;default&#8221; global_colors_info=&#8221;{}&#8221;][\/dsm_icon_list][\/et_pb_column][\/et_pb_row][et_pb_row _builder_version=&#8221;4.27.4&#8243; _module_preset=&#8221;default&#8221; width=&#8221;90%&#8221; max_width=&#8221;1226px&#8221; custom_margin=&#8221;|auto|96px|auto||&#8221; animation_style=&#8221;flip&#8221; animation_delay=&#8221;150ms&#8221; global_colors_info=&#8221;{}&#8221;][et_pb_column type=&#8221;4_4&#8243; _builder_version=&#8221;4.27.4&#8243; _module_preset=&#8221;default&#8221; global_colors_info=&#8221;{}&#8221;][dsm_image_carousel gallery_ids=&#8221;684,1094,1095,1096,1097,1098&#8243; sizes=&#8221;et-pb-portfolio-image&#8221; lazyload=&#8221;on&#8221; pause_on_hover=&#8221;on&#8221; use_arrow_custom_position=&#8221;on&#8221; arrow_custom_position=&#8221;-70px&#8221; show_lightbox=&#8221;on&#8221; arrow_color=&#8221;#FFFFFF&#8221; _builder_version=&#8221;4.27.4&#8243; _module_preset=&#8221;default&#8221; background_enable_color=&#8221;off&#8221; module_alignment=&#8221;center&#8221; custom_margin=&#8221;0px||||false|false&#8221; custom_padding=&#8221;15px|15px|15px|15px|false|false&#8221; animation_style=&#8221;slide&#8221; animation_direction=&#8221;bottom&#8221; border_radii_image=&#8221;on|20px|20px|20px|20px&#8221; border_radii_slideshow_image=&#8221;on|18px|18px|18px|18px&#8221; border_radii_thumbnails_inactive_image=&#8221;on|24px|24px|24px|24px&#8221; global_colors_info=&#8221;{}&#8221;][\/dsm_image_carousel][\/et_pb_column][\/et_pb_row][\/et_pb_section]<\/p>","protected":false},"excerpt":{"rendered":"<p>About UsOur HistoryFly-Coop Kft. has been operating since 1997 as a company providing a full range of professional aviation services. Initially, our company specialized in agricultural aviation, including crop spraying, fertilization, and mosquito control using our own Kamov Ka-26 helicopters. Over the years, our range of activities has continuously expanded, and today, we offer various aviation services to our customers.Our Services<div class=\"et_pb_with_border et_pb_module dsm_faq dsm_faq_0\">\n\t\t\t\t\n\t\t\t\t\n\t\t\t\t\n\t\t\t\t\n\t\t\t\t\n\t\t\t\t\n\t\t\t\t<div class=\"et_pb_module_inner\">\n\t\t\t\t\t<div class=\"dsm-faq-container dsm-front\" data-accordion=\"off\" data-open_first_item=\"off\">\n\t\t\t\t\n\t\t\t <\/div>\n\t\t\t \n\t\t\t\n\t\t\t\t<\/div>\n\t\t\t<\/div><div class=\"dsm_faq_child_0 dsm-faq-item-wrapper\">\n\t\t\t\t<div class=\"dsm-title-wrapper\">\n\t\t\t\t <div class=\"dsm-title-inner-wrapper\">\n\t\t\t\t   <div class=\"dsm_faq-item-open_icon\"><span>><\/span><\/div>\n\t\t\t\t   <div class=\"dsm_faq-item-close_icon\"><span>A<\/span><\/div>\n\t\t\t\t   \n\t\t\t\t   \n\t\t\t\t   <h1 class=\"dsm-faq-title\">S\u00e9tarep\u00fcl\u00e9sek<\/h1>\n\t\t\t\t <\/div> \n\t\t\t\t <div class=\"dsm-faq-item-inner-wrapper\">\n\t\t\t\t   \n\t\t\t\t   \n\t\t\t\t   \n\t\t\t\t   \n\t\t\t\t <\/div>\n\t\t\t\t<\/div>\n\t\t\t\t<div class=\"dsm-faq-content\">Felejthetetlen \u00e9lm\u00e9nyeket k\u00edn\u00e1lunk azok sz\u00e1m\u00e1ra, akik mad\u00e1rt\u00e1vlatb\u00f3l szeretn\u00e9k megcsod\u00e1lni Magyarorsz\u00e1g legszebb t\u00e1jait.<\/div>\n\t\t\t <\/div>\n\t\t\t<div class=\"dsm_faq_child_1 dsm-faq-item-wrapper\">\n\t\t\t\t<div class=\"dsm-title-wrapper\">\n\t\t\t\t <div class=\"dsm-title-inner-wrapper\">\n\t\t\t\t   <div class=\"dsm_faq-item-open_icon\"><span>><\/span><\/div>\n\t\t\t\t   <div class=\"dsm_faq-item-close_icon\"><span>A<\/span><\/div>\n\t\t\t\t   \n\t\t\t\t   \n\t\t\t\t   <h1 class=\"dsm-faq-title\">L\u00e9gi taxi szolg\u00e1ltat\u00e1s<\/h1>\n\t\t\t\t <\/div> \n\t\t\t\t <div class=\"dsm-faq-item-inner-wrapper\">\n\t\t\t\t   \n\t\t\t\t   \n\t\t\t\t   \n\t\t\t\t   \n\t\t\t\t <\/div>\n\t\t\t\t<\/div>\n\t\t\t\t<div class=\"dsm-faq-content\">Gyors \u00e9s k\u00e9nyelmes utaz\u00e1st biztos\u00edtunk belf\u00f6ldi \u00e9s nemzetk\u00f6zi desztin\u00e1ci\u00f3k k\u00f6z\u00f6tt.<\/div>\n\t\t\t <\/div>\n\t\t\t<div class=\"dsm_faq_child_2 dsm-faq-item-wrapper\">\n\t\t\t\t<div class=\"dsm-title-wrapper\">\n\t\t\t\t <div class=\"dsm-title-inner-wrapper\">\n\t\t\t\t   <div class=\"dsm_faq-item-open_icon\"><span>><\/span><\/div>\n\t\t\t\t   <div class=\"dsm_faq-item-close_icon\"><span>A<\/span><\/div>\n\t\t\t\t   \n\t\t\t\t   \n\t\t\t\t   <h1 class=\"dsm-faq-title\">Aerial Photography &#038; Videography <\/h1>\n\t\t\t\t <\/div> \n\t\t\t\t <div class=\"dsm-faq-item-inner-wrapper\">\n\t\t\t\t   \n\t\t\t\t   \n\t\t\t\t   \n\t\t\t\t   \n\t\t\t\t <\/div>\n\t\t\t\t<\/div>\n\t\t\t\t<div class=\"dsm-faq-content\">Professzion\u00e1lis l\u00e9gi felv\u00e9telek k\u00e9sz\u00edt\u00e9s\u00e9t v\u00e1llaljuk k\u00fcl\u00f6nb\u00f6z\u0151 projektekhez.<\/div>\n\t\t\t <\/div>\n\t\t\t<div class=\"dsm_faq_child_3 dsm-faq-item-wrapper\">\n\t\t\t\t<div class=\"dsm-title-wrapper\">\n\t\t\t\t <div class=\"dsm-title-inner-wrapper\">\n\t\t\t\t   <div class=\"dsm_faq-item-open_icon\"><span><\/span><\/div>\n\t\t\t\t   <div class=\"dsm_faq-item-close_icon\"><span><\/span><\/div>\n\t\t\t\t   \n\t\t\t\t   \n\t\t\t\t   <h1 class=\"dsm-faq-title\">&#8221;Agricultural<\/h1>\n\t\t\t\t <\/div> \n\t\t\t\t <div class=\"dsm-faq-item-inner-wrapper\">\n\t\t\t\t   \n\t\t\t\t   \n\t\t\t\t   \n\t\t\t\t   \n\t\t\t\t <\/div>\n\t\t\t\t<\/div>\n\t\t\t\t<div class=\"dsm-faq-content\">&#8221;Spraying,<\/div>\n\t\t\t <\/div>\n\t\t\t<\/p>","protected":false},"author":1,"featured_media":0,"parent":0,"menu_order":0,"comment_status":"closed","ping_status":"closed","template":"","meta":{"_seopress_robots_primary_cat":"","_seopress_titles_title":"","_seopress_titles_desc":"","_seopress_robots_index":"","_et_pb_use_builder":"on","_et_pb_old_content":"","_et_gb_content_width":"","footnotes":""},"class_list":["post-798","page","type-page","status-publish","hentry"],"_links":{"self":[{"href":"https:\/\/budapestflyride.com\/hu\/wp-json\/wp\/v2\/pages\/798","targetHints":{"allow":["GET"]}}],"collection":[{"href":"https:\/\/budapestflyride.com\/hu\/wp-json\/wp\/v2\/pages"}],"about":[{"href":"https:\/\/budapestflyride.com\/hu\/wp-json\/wp\/v2\/types\/page"}],"author":[{"embeddable":true,"href":"https:\/\/budapestflyride.com\/hu\/wp-json\/wp\/v2\/users\/1"}],"replies":[{"embeddable":true,"href":"https:\/\/budapestflyride.com\/hu\/wp-json\/wp\/v2\/comments?post=798"}],"version-history":[{"count":29,"href":"https:\/\/budapestflyride.com\/hu\/wp-json\/wp\/v2\/pages\/798\/revisions"}],"predecessor-version":[{"id":1273,"href":"https:\/\/budapestflyride.com\/hu\/wp-json\/wp\/v2\/pages\/798\/revisions\/1273"}],"wp:attachment":[{"href":"https:\/\/budapestflyride.com\/hu\/wp-json\/wp\/v2\/media?parent=798"}],"curies":[{"name":"wp","href":"https:\/\/api.w.org\/{rel}","templated":true}]}}